{"id":533,"date":"2023-05-17T11:23:55","date_gmt":"2023-05-17T09:23:55","guid":{"rendered":"http:\/\/laetitiademeyer.com\/?page_id=533"},"modified":"2023-05-17T11:26:46","modified_gmt":"2023-05-17T09:26:46","slug":"a-propos-de-moi","status":"publish","type":"page","link":"https:\/\/laetitiademeyer.com\/index.php\/a-propos-de-moi\/","title":{"rendered":"A PROPOS DE MOI"},"content":{"rendered":"<div class=\"wp-block-image is-style-rounded\">\n<figure class=\"aligncenter size-large is-resized\"><img fetchpriority=\"high\" decoding=\"async\" src=\"http:\/\/laetitiademeyer.com\/wp-content\/uploads\/2021\/11\/uiumup-edited-769x1024.jpg\" alt=\"\" class=\"wp-image-167\" width=\"255\" height=\"338\"\/><\/figure><\/div>\n\n\n<p class=\"has-text-align-center\"><a href=\"http:\/\/laetitiademeyer.com\/index.php\/about-me\/\">EN<\/a>  \/  <strong>FR<\/strong><br><\/p>\n\n\n\n<p class=\"has-text-align-center has-white-background-color has-background\">Je suis une artiste autodidacte n\u00e9e \u00e0 Uccle (Bruxelles) en 1985.<\/p>\n\n\n\n<p class=\"has-text-align-center\">Psychologue de formation,<br>C\u2019est au cours de mon exp\u00e9rience professionnelle avec de jeunes enfants malvoyants et aveugles que<br>j\u2019ai pu observer \u00e0 quel point le sens du toucher (des mati\u00e8res, textures) \u00e9tait une dimension essentielle pour aller \u00e0 leur rencontre et cela a nourri et influenc\u00e9 mon art.<\/p>\n\n\n\n<p class=\"has-text-align-center\">Le relief, les textures sont des marqueurs fondamentaux lors de la conception de mes tableaux.<br>Mon envie est de vous faire toucher avec les yeux.<\/p>\n\n\n\n<p class=\"has-text-align-center\">Depuis, le monde est devenu pour moi un grand terrain de jeu.<br>J\u2019apprends \u00e0 porter un regard neuf sur les objets abandonn\u00e9s d\u00e9busqu\u00e9s lors de mes chasses aux tr\u00e9sors.<\/p>\n\n\n\n<p class=\"has-text-align-center\">Mon objectif est de sublimer les objets du quotidien, leur donner une seconde vie. <br>Je les assemble dans mes tableaux-sculptures je les d\u00e9tourne de leur utilit\u00e9 premi\u00e8re. <br><br>Blisters de m\u00e9dicaments, chaussettes ayant perdu leur moiti\u00e9, polystyr\u00e8ne,.. sont revaloris\u00e9s et porteurs d\u2019un message de prise de conscience. <br><br>C\u2019est \u00e9galement pour moi une mani\u00e8re d\u2019aborder de mani\u00e8re ludique les th\u00e9matiques de la surconsommation et du recyclage des mati\u00e8res textiles et plastiques.<br><\/p>\n","protected":false},"excerpt":{"rendered":"<p>EN \/ FR Je suis une artiste autodidacte n\u00e9e \u00e0 Uccle (Bruxelles) en 1985. Psychologue de formation,C\u2019est au cours de mon exp\u00e9rience professionnelle avec de jeunes enfants malvoyants et aveugles quej\u2019ai pu observer \u00e0 quel point le sens du toucher (des mati\u00e8res, textures) \u00e9tait une &hellip; <a href=\"https:\/\/laetitiademeyer.com\/index.php\/a-propos-de-moi\/\" class=\"more-link\"><span>Continue reading<span class=\"screen-reader-text\">A PROPOS DE MOI<\/span><\/span><\/a><\/p>\n","protected":false},"author":1,"featured_media":0,"parent":0,"menu_order":0,"comment_status":"closed","ping_status":"closed","template":"","meta":[],"_links":{"self":[{"href":"https:\/\/laetitiademeyer.com\/index.php\/wp-json\/wp\/v2\/pages\/533"}],"collection":[{"href":"https:\/\/laetitiademeyer.com\/index.php\/wp-json\/wp\/v2\/pages"}],"about":[{"href":"https:\/\/laetitiademeyer.com\/index.php\/wp-json\/wp\/v2\/types\/page"}],"author":[{"embeddable":true,"href":"https:\/\/laetitiademeyer.com\/index.php\/wp-json\/wp\/v2\/users\/1"}],"replies":[{"embeddable":true,"href":"https:\/\/laetitiademeyer.com\/index.php\/wp-json\/wp\/v2\/comments?post=533"}],"version-history":[{"count":3,"href":"https:\/\/laetitiademeyer.com\/index.php\/wp-json\/wp\/v2\/pages\/533\/revisions"}],"predecessor-version":[{"id":539,"href":"https:\/\/laetitiademeyer.com\/index.php\/wp-json\/wp\/v2\/pages\/533\/revisions\/539"}],"wp:attachment":[{"href":"https:\/\/laetitiademeyer.com\/index.php\/wp-json\/wp\/v2\/media?parent=533"}],"curies":[{"name":"wp","href":"https:\/\/api.w.org\/{rel}","templated":true}]}}